{"id":95,"date":"2017-08-08T07:02:49","date_gmt":"2017-08-08T07:02:49","guid":{"rendered":"https:\/\/www.jobfile.ch\/?page_id=95\/"},"modified":"2018-12-06T15:33:18","modified_gmt":"2018-12-06T15:33:18","slug":"au-sujet-de-jobfile","status":"publish","type":"page","link":"https:\/\/jobfile-dev.indexinternet.de\/fr\/au-sujet-de-jobfile\/","title":{"rendered":"Au sujet de Jobfile"},"content":{"rendered":"<div class=\"fusion-fullwidth fullwidth-box fusion-builder-row-1 nonhundred-percent-fullwidth non-hundred-percent-height-scrolling\" style=\"--awb-border-radius-top-left:0px;--awb-border-radius-top-right:0px;--awb-border-radius-bottom-right:0px;--awb-border-radius-bottom-left:0px;--awb-flex-wrap:wrap;\" ><div class=\"fusion-builder-row fusion-row\"><div class=\"fusion-layout-column fusion_builder_column fusion-builder-column-0 fusion_builder_column_1_1 1_1 fusion-one-full fusion-column-first fusion-column-last\" style=\"--awb-bg-size:cover;\"><div class=\"fusion-column-wrapper fusion-flex-column-wrapper-legacy\"><div class=\"fusion-title title fusion-title-1 fusion-sep-none fusion-title-center fusion-title-text fusion-title-size-one\" style=\"--awb-margin-top-small:10px;--awb-margin-right-small:0px;--awb-margin-bottom-small:10px;--awb-margin-left-small:0px;\"><h1 class=\"fusion-title-heading title-heading-center\" style=\"margin:0;\">AU SUJET DE JOBFILE<\/h1><\/div><div class=\"fusion-text fusion-text-1\"><p style=\"text-align: center; color: black;\">Avec Jobfile vous avez acc\u00e8s \u00e0 l\u00b4une des plus importante banque de donn\u00e9es sur les<br \/>\npostes vacants en Suisse. Vous avez la possibilit\u00e9 d\u00b4afficher les postes avec ou sans<br \/>\nsoci\u00e9t\u00e9s de recrutement.<\/p>\n<p style=\"text-align: center; color: black;\">Gr\u00e2ce \u00a0\u00e0 un filtre saisi au pr\u00e9alable, vous recevez dans l\u00b4espace<br \/>\nde 15 minutes les offres d\u00b4emploi les plus r\u00e9centes qui correspondent \u00e0 vos crit\u00e8res de<br \/>\nrecherche dans l\u00b4ensemble de la Suisse. Vous \u00eates ainsi inform\u00e9s peu apr\u00e9s la mise en ligne d\u00b4une<br \/>\nannonce et pouvez contacter votre candidat avant vos concurrents.<\/p>\n<p style=\"text-align: center; color: black;\">Toutes les annonces sont r\u00e9pertori\u00e9es avec le titre du poste, la date de parution et<br \/>\nla r\u00e9gion et sont r\u00e9guli\u00e8rement mises \u00e0 jour. Vous pouvez donc \u00eatre s\u00fbr que les annonces dans<br \/>\nJobfile sont toujours actuelles.<\/p>\n<p style=\"text-align: center; color: black;\">De plus, vous pouvez effectuer une recherche d\u00b4annonces avec un mode filtre<br \/>\nde mot-cl\u00e9. Nous vous offrons ainsi une toute nouvelle ad\u00e9quation entre candidat et poste \u00e0 pouvoir.<\/p>\n<p style=\"text-align: center; color: black;\">Gr\u00e2ce \u00e0 nos filtres, vous pouvez effectuer des recherches pr\u00e9cises sur les postes<br \/>\nqui correspondent \u00e0 votre secteur d\u00b4activit\u00e9. Vous \u00e9conomisez ainsi beaucoup de temps, que vous<br \/>\npouvez, d\u00b4autre part investir dans d\u00b4autres t\u00e2ches. Vous pouvez sauvegarder vos curriculum vitae<br \/>\ndans notre logiciel et les rechercher plus tard gr\u00e2ce \u00e0 notre syst\u00e9me de mot-cl\u00e9. Vous pouvez ainsi<br \/>\nsauvegarder tous vos CV et les traiter plus tard pour contacter les personnes si n\u00e9c\u00e9ssaire.<\/p>\n<p style=\"text-align: center; color: black;\">AVEC JOBFILE, VOUS AVEZ ACC\u00c9S \u00c0 CVFILE POUR LA RECHERCHE DE<br \/>\nPOSTES ET \u00c0TEMPFILE POUR LA RECHERCHE DE CANDIDATS.<\/p>\n<p>\u00a0<\/p>\n<\/div><div class=\"fusion-aligncenter\"><a class=\"fusion-button button-flat fusion-button-default-size button-default fusion-button-default button-1 fusion-button-default-span fusion-button-default-type\" style=\"--button-border-radius-top-left:25px;--button-border-radius-top-right:25px;--button-border-radius-bottom-right:25px;--button-border-radius-bottom-left:25px;\" target=\"_self\" href=\"\/fr\/demo\/\"><span class=\"fusion-button-text awb-button__text awb-button__text--default\">commencez d\u00e8s aujourd\u00b4hui<\/span><\/a><\/div><div class=\"fusion-clearfix\"><\/div><\/div><\/div><\/div><\/div>\n","protected":false},"excerpt":{"rendered":"","protected":false},"author":2,"featured_media":0,"parent":0,"menu_order":0,"comment_status":"closed","ping_status":"closed","template":"","meta":{"footnotes":""},"class_list":["post-95","page","type-page","status-publish","hentry"],"_links":{"self":[{"href":"https:\/\/jobfile-dev.indexinternet.de\/fr\/wp-json\/wp\/v2\/pages\/95","targetHints":{"allow":["GET"]}}],"collection":[{"href":"https:\/\/jobfile-dev.indexinternet.de\/fr\/wp-json\/wp\/v2\/pages"}],"about":[{"href":"https:\/\/jobfile-dev.indexinternet.de\/fr\/wp-json\/wp\/v2\/types\/page"}],"author":[{"embeddable":true,"href":"https:\/\/jobfile-dev.indexinternet.de\/fr\/wp-json\/wp\/v2\/users\/2"}],"replies":[{"embeddable":true,"href":"https:\/\/jobfile-dev.indexinternet.de\/fr\/wp-json\/wp\/v2\/comments?post=95"}],"version-history":[{"count":4,"href":"https:\/\/jobfile-dev.indexinternet.de\/fr\/wp-json\/wp\/v2\/pages\/95\/revisions"}],"predecessor-version":[{"id":1045,"href":"https:\/\/jobfile-dev.indexinternet.de\/fr\/wp-json\/wp\/v2\/pages\/95\/revisions\/1045"}],"wp:attachment":[{"href":"https:\/\/jobfile-dev.indexinternet.de\/fr\/wp-json\/wp\/v2\/media?parent=95"}],"curies":[{"name":"wp","href":"https:\/\/api.w.org\/{rel}","templated":true}]}}